{"id":9539,"date":"2024-02-21T11:46:21","date_gmt":"2024-02-21T10:46:21","guid":{"rendered":"https:\/\/www.schladmingurlaub.at\/?page_id=9539"},"modified":"2024-02-21T11:49:48","modified_gmt":"2024-02-21T10:49:48","slug":"faq","status":"publish","type":"page","link":"https:\/\/www.schladmingurlaub.at\/en\/service\/faq\/","title":{"rendered":"FAQ"},"content":{"rendered":"<p>Laundry package:<br \/>\nThe linen package includes a duvet cover and pillowcase, 2 towels (1 small &amp; 1 large) per person &amp; 1 tea towel.<br \/>\n\u20ac15 per person. (Towel change \u20ac5 per towel)<br \/>\nThe laundry package also includes an initial supply of dishwasher tablets, toilet paper and garbage bags.<\/p>\n<p>The price for laundry packages is per rental.<br \/>\nYou are welcome to bring your own bed linen. Please let us know at least one week before arrival.<\/p>","protected":false},"excerpt":{"rendered":"<p>W\u00e4schepaket: Das W\u00e4schepaket enth\u00e4lt Decken- und Kissenbezug, 2 Handt\u00fccher (1 kl. &amp; 1 gr.) pro Person &amp; 1 Geschirrhandtuch. zu \u20ac 15,- pro Person. (ein Handtuchwechsel \u20ac 5,- pro St\u00fcck) Weiters sind im W\u00e4schepaket die Erstausstattung von Geschirrsp\u00fcltabs, WC Papier sowie M\u00fclls\u00e4cke dabei. Der Preis f\u00fcr W\u00e4schepakete ist pro Mietverh\u00e4ltnis. sehr gerne k\u00f6nnen Sie Ihre [&hellip;]<\/p>\n","protected":false},"author":2,"featured_media":0,"parent":21,"menu_order":0,"comment_status":"closed","ping_status":"closed","template":"","meta":{"_acf_changed":false,"footnotes":""},"class_list":["post-9539","page","type-page","status-publish","hentry"],"acf":[],"_links":{"self":[{"href":"https:\/\/www.schladmingurlaub.at\/en\/wp-json\/wp\/v2\/pages\/9539","targetHints":{"allow":["GET"]}}],"collection":[{"href":"https:\/\/www.schladmingurlaub.at\/en\/wp-json\/wp\/v2\/pages"}],"about":[{"href":"https:\/\/www.schladmingurlaub.at\/en\/wp-json\/wp\/v2\/types\/page"}],"author":[{"embeddable":true,"href":"https:\/\/www.schladmingurlaub.at\/en\/wp-json\/wp\/v2\/users\/2"}],"replies":[{"embeddable":true,"href":"https:\/\/www.schladmingurlaub.at\/en\/wp-json\/wp\/v2\/comments?post=9539"}],"version-history":[{"count":1,"href":"https:\/\/www.schladmingurlaub.at\/en\/wp-json\/wp\/v2\/pages\/9539\/revisions"}],"predecessor-version":[{"id":9540,"href":"https:\/\/www.schladmingurlaub.at\/en\/wp-json\/wp\/v2\/pages\/9539\/revisions\/9540"}],"up":[{"embeddable":true,"href":"https:\/\/www.schladmingurlaub.at\/en\/wp-json\/wp\/v2\/pages\/21"}],"wp:attachment":[{"href":"https:\/\/www.schladmingurlaub.at\/en\/wp-json\/wp\/v2\/media?parent=9539"}],"curies":[{"name":"wp","href":"https:\/\/api.w.org\/{rel}","templated":true}]}}