{"id":62,"date":"2015-07-30T16:16:51","date_gmt":"2015-07-30T14:16:51","guid":{"rendered":"http:\/\/www.schladmingurlaub.at\/?page_id=62"},"modified":"2023-11-09T14:42:26","modified_gmt":"2023-11-09T13:42:26","slug":"parken","status":"publish","type":"page","link":"https:\/\/www.schladmingurlaub.at\/en\/service\/parken\/","title":{"rendered":"Parking in the Schladming-Dachstein region"},"content":{"rendered":"<div class=\"pimcore_area_wysiwyg-text pimcore_area_content\">\n<section class=\"content-block aos-init aos-animate\" data-aos=\"fade-up\">\n<div class=\"container container--small\">\n<div class=\"text-center content-block__headlines\">\n<h2><\/h2>\n<h2 class=\"h6 font-default\" style=\"text-align: left;\">Map, public parking and prices for parking in Schladming<\/h2>\n<\/div>\n<div class=\"test wysiwyg\">\n<p>If you are traveling with several cars, information about parking in Schladming in advance is invaluable.<br \/>\nNormally there is one free parking space per apartment.<br \/>\nHere you will find all the necessary information for a carefree holiday in Schladming.<br \/>\nPlease feel free to contact our booking center to find out exactly how many pitches are included in your holiday accommodation.<br \/>\nAll other cars must be parked in public.<\/p>\n<p>Further information on short-term parking zones can be found\u00a0<strong><a href=\"https:\/\/www.schladming.at\/index.php\/buergerservice\/parken.html\" target=\"_blank\" rel=\"noopener\">here<\/a><\/strong> at the municipality of Schladming.<\/p>\n<\/div>\n<p>&nbsp;<\/p>\n<\/div>\n<\/section>\n<\/div>\n<div class=\"pimcore_area_image-gallery pimcore_area_content\">\n<section class=\"content-block aos-init aos-animate\" data-aos=\"fade-up\">\n<div class=\"container container--small\">\n<div class=\"text-center content-block__headlines\">\n<h1 class=\"js-toc__title\" style=\"text-align: left;\">Public parking in Schladming<\/h1>\n<\/div>\n<\/div>\n<\/section>\n<\/div>\n<p><a href=\"https:\/\/www.schladming.at\/index.php\/buergerservice\/parken.html\" target=\"_blank\" rel=\"noopener\"><img loading=\"lazy\" decoding=\"async\" class=\"alignnone wp-image-9132\" src=\"https:\/\/www.schladmingurlaub.at\/wp-content\/uploads\/2023\/11\/Parkplan-Schladming.JPG-440x225.webp\" alt=\"\" width=\"784\" height=\"401\" srcset=\"https:\/\/www.schladmingurlaub.at\/wp-content\/uploads\/2023\/11\/Parkplan-Schladming.JPG-440x225.webp 440w, https:\/\/www.schladmingurlaub.at\/wp-content\/uploads\/2023\/11\/Parkplan-Schladming.JPG-768x393.webp 768w, https:\/\/www.schladmingurlaub.at\/wp-content\/uploads\/2023\/11\/Parkplan-Schladming.JPG.webp 870w\" sizes=\"auto, (max-width: 784px) 100vw, 784px\" \/><\/a><\/p>","protected":false},"excerpt":{"rendered":"<p>Lageplan, \u00f6ffentliche Parkpl\u00e4tze und Preise f\u00fcr Parken in Schladming Wenn Sie mit mehreren Autos anreisen sollten, ist eine Info zum Parken in Schladming vorab goldwert. Im Normalfall gibt es einen Kostenfreien Parkplatz pro Appartement. Hier finden Sie alle notwendigen Infos f\u00fcr einen unbeschwerten Urlaub in Schladming. Wie viele Stellpl\u00e4tze genau bei Ihrer Ferienunterkunft inkludiert sind, [&hellip;]<\/p>\n","protected":false},"author":1,"featured_media":9138,"parent":21,"menu_order":0,"comment_status":"open","ping_status":"closed","template":"","meta":{"_acf_changed":false,"footnotes":""},"class_list":["post-62","page","type-page","status-publish","has-post-thumbnail","hentry"],"acf":[],"_links":{"self":[{"href":"https:\/\/www.schladmingurlaub.at\/en\/wp-json\/wp\/v2\/pages\/62","targetHints":{"allow":["GET"]}}],"collection":[{"href":"https:\/\/www.schladmingurlaub.at\/en\/wp-json\/wp\/v2\/pages"}],"about":[{"href":"https:\/\/www.schladmingurlaub.at\/en\/wp-json\/wp\/v2\/types\/page"}],"author":[{"embeddable":true,"href":"https:\/\/www.schladmingurlaub.at\/en\/wp-json\/wp\/v2\/users\/1"}],"replies":[{"embeddable":true,"href":"https:\/\/www.schladmingurlaub.at\/en\/wp-json\/wp\/v2\/comments?post=62"}],"version-history":[{"count":64,"href":"https:\/\/www.schladmingurlaub.at\/en\/wp-json\/wp\/v2\/pages\/62\/revisions"}],"predecessor-version":[{"id":9153,"href":"https:\/\/www.schladmingurlaub.at\/en\/wp-json\/wp\/v2\/pages\/62\/revisions\/9153"}],"up":[{"embeddable":true,"href":"https:\/\/www.schladmingurlaub.at\/en\/wp-json\/wp\/v2\/pages\/21"}],"wp:featuredmedia":[{"embeddable":true,"href":"https:\/\/www.schladmingurlaub.at\/en\/wp-json\/wp\/v2\/media\/9138"}],"wp:attachment":[{"href":"https:\/\/www.schladmingurlaub.at\/en\/wp-json\/wp\/v2\/media?parent=62"}],"curies":[{"name":"wp","href":"https:\/\/api.w.org\/{rel}","templated":true}]}}