{"id":6039,"date":"2020-02-27T08:31:58","date_gmt":"2020-02-27T07:31:58","guid":{"rendered":"https:\/\/www.schladmingurlaub.at\/?page_id=6039"},"modified":"2026-03-17T14:32:53","modified_gmt":"2026-03-17T13:32:53","slug":"sommercard","status":"publish","type":"page","link":"https:\/\/www.schladmingurlaub.at\/en\/service\/sommercard\/","title":{"rendered":"Schladming-Dachstein Card"},"content":{"rendered":"<h2>Many more advantages<\/h2>\n<p>During your holiday, you will receive the Schladming-Dachstein Card in almost all of our accommodations from Schladmingurlaub.at.<br \/>\nIt is your ticket to virtually unlimited holiday fun and offers you over 100 free services throughout the region.<\/p>\n<p>Furthermore, the Schladming-Dachstein Card offers extremely attractive discounts at over 150 partner businesses. The Schladming-Dachstein Card includes free travel on toll roads (not all), free gondola rides and hiking buses, free admission to swimming pools and lakes, children&#039;s programs, introductory courses, museums, and much more. A true highlight is a visit to the Dachstein Glacier, including shuttle bus transportation and a round trip on the panoramic gondola.<br \/>\nThe Schladming-Dachstein Card is valid from 1 p.m. on the day of arrival and includes the day of departure.<br \/>\nEnjoy the full diversity of the region!<\/p>\n<p>info at <a href=\"http:\/\/www.sommercard.info\" target=\"_blank\" rel=\"noopener\">sommercard.info<\/a><\/p>","protected":false},"excerpt":{"rendered":"<p>Ein Mehr an vielen Vorteilen W\u00e4hrend Ihres Urlaub erhalten Sie in fast allen unseren Unterk\u00fcnften von Schladmingurlaub.at die Schladming-Dachstein Card. Sie ist Ihre Eintrittskarte in das nahezu unbegrenzte Urlaubsvergn\u00fcgen und bietet Ihnen \u00fcber 100 kostenlose Leistungen in der ganzen Region. \u00dcberdies erhalten Sie bei mehr als 150 Bonuspartnern mit der Schladming-Dachstein Card extrem attraktive Erm\u00e4\u00dfigungen. [&hellip;]<\/p>\n","protected":false},"author":6,"featured_media":0,"parent":21,"menu_order":0,"comment_status":"closed","ping_status":"closed","template":"page-templates\/kontakt-service.php","meta":{"_acf_changed":false,"footnotes":""},"class_list":["post-6039","page","type-page","status-publish","hentry"],"acf":[],"_links":{"self":[{"href":"https:\/\/www.schladmingurlaub.at\/en\/wp-json\/wp\/v2\/pages\/6039","targetHints":{"allow":["GET"]}}],"collection":[{"href":"https:\/\/www.schladmingurlaub.at\/en\/wp-json\/wp\/v2\/pages"}],"about":[{"href":"https:\/\/www.schladmingurlaub.at\/en\/wp-json\/wp\/v2\/types\/page"}],"author":[{"embeddable":true,"href":"https:\/\/www.schladmingurlaub.at\/en\/wp-json\/wp\/v2\/users\/6"}],"replies":[{"embeddable":true,"href":"https:\/\/www.schladmingurlaub.at\/en\/wp-json\/wp\/v2\/comments?post=6039"}],"version-history":[{"count":9,"href":"https:\/\/www.schladmingurlaub.at\/en\/wp-json\/wp\/v2\/pages\/6039\/revisions"}],"predecessor-version":[{"id":10248,"href":"https:\/\/www.schladmingurlaub.at\/en\/wp-json\/wp\/v2\/pages\/6039\/revisions\/10248"}],"up":[{"embeddable":true,"href":"https:\/\/www.schladmingurlaub.at\/en\/wp-json\/wp\/v2\/pages\/21"}],"wp:attachment":[{"href":"https:\/\/www.schladmingurlaub.at\/en\/wp-json\/wp\/v2\/media?parent=6039"}],"curies":[{"name":"wp","href":"https:\/\/api.w.org\/{rel}","templated":true}]}}