{"id":5539,"date":"2019-12-10T13:40:30","date_gmt":"2019-12-10T12:40:30","guid":{"rendered":"https:\/\/devurlaub.devpoint.at\/?page_id=5539"},"modified":"2024-12-06T09:50:04","modified_gmt":"2024-12-06T08:50:04","slug":"skipass-kalkulator","status":"publish","type":"page","link":"https:\/\/www.schladmingurlaub.at\/en\/service\/skipass-kalkulator\/","title":{"rendered":"Amade ski pass + mountain report"},"content":{"rendered":"<h2>Austria&#039;s largest ski area<\/h2>\n<p>A true paradise for winter sports enthusiasts, the Ski Amad\u00e9 region offers boundless freedom. With just one ski pass, you have access to 25 ski areas with over 760 incredible kilometers of slopes. The Schladming-Dachstein region, with its premium offerings, is also part of this unique ski network. Enjoy winter at its best.<\/p>\n<p><a class=\"c-btn c-btn--second\" href=\"https:\/\/tickets.skiamade.com\/\" target=\"_blank\" rel=\"noopener noreferrer\">Buy ski pass online<\/a><\/p>\n<p>&nbsp;<\/p>\n<h2>Online early bird bonus<\/h2>\n<p>Starting this year, speed when buying ski passes really pays off! With the online early bird bonus, you can secure your ski pass in the webshop at a lower price than at the ticket office. <strong>The earlier you buy, the cheaper the ticket.<\/strong><\/p>\n<p>With the online early bird bonus you have a <strong>significant price advantage<\/strong>. You can also save valuable time on your ski day. Either on a<strong> old key card<\/strong> top up or use the card at <strong>Pick-up machines<\/strong> at the ski resort. The bonus is valid for day and multi-day passes.<\/p>\n<p>Online prices vary depending on the season, purchase price, and demand.<br \/>\nThe current seasonal price applies at the cash desk.<\/p>\n<h4><a href=\"https:\/\/tickets.skiamade.com\/\" target=\"_blank\" rel=\"noopener noreferrer\"><strong>Get your ski pass now &gt;&gt;<\/strong><\/a><\/h4>\n<p>&nbsp;<\/p>\n<p><strong>Cancellation guarantee on online tickets<\/strong><\/p>\n<p>If you want to be on the safe side, book the <strong>Cancellation protection for only \u20ac 2.50<\/strong> per ski ticket per day. This means you&#039;ll receive a refund of the purchase price of your ticket if you cancel two days in advance, without giving any reason.<\/p>\n<p>&nbsp;<\/p>\n<h1>Mountain Report<\/h1>\n<p><a href=\"https:\/\/planai.gz-software.at\/winter\/Schneepdf.pdf\"><img loading=\"lazy\" decoding=\"async\" class=\"wp-image-9778 alignnone\" src=\"https:\/\/www.schladmingurlaub.at\/wp-content\/uploads\/2024\/12\/Berginfo-Planai-311x440.jpg\" alt=\"\" width=\"512\" height=\"724\" srcset=\"https:\/\/www.schladmingurlaub.at\/wp-content\/uploads\/2024\/12\/Berginfo-Planai-311x440.jpg 311w, https:\/\/www.schladmingurlaub.at\/wp-content\/uploads\/2024\/12\/Berginfo-Planai.jpg 452w\" sizes=\"auto, (max-width: 512px) 100vw, 512px\" \/><\/a><\/p>","protected":false},"excerpt":{"rendered":"<p>\u00d6sterreichs gr\u00f6\u00dftes Skigebiet Ein echtes Paradies f\u00fcr Wintersportler, denn das Skigebiet amad\u00e9 bedeutet grenzenlose Freiheit. Mit nur einer Karte stehen Ihnen 25 Skigebiete mit \u00fcber 760 unglaublichen Pistenkilometern zur Verf\u00fcgung. Und auch die Region Schladming-Dachstein geh\u00f6rt mit ihrem Premium-Angebot zu diesem einzigartigen Skiverbund. Genie\u00dfen Sie den Winter von seiner sch\u00f6nsten Seite. Skipass online kaufen &nbsp; [&hellip;]<\/p>\n","protected":false},"author":6,"featured_media":0,"parent":21,"menu_order":0,"comment_status":"closed","ping_status":"closed","template":"page-templates\/kontakt-service.php","meta":{"_acf_changed":false,"footnotes":""},"class_list":["post-5539","page","type-page","status-publish","hentry"],"acf":[],"_links":{"self":[{"href":"https:\/\/www.schladmingurlaub.at\/en\/wp-json\/wp\/v2\/pages\/5539","targetHints":{"allow":["GET"]}}],"collection":[{"href":"https:\/\/www.schladmingurlaub.at\/en\/wp-json\/wp\/v2\/pages"}],"about":[{"href":"https:\/\/www.schladmingurlaub.at\/en\/wp-json\/wp\/v2\/types\/page"}],"author":[{"embeddable":true,"href":"https:\/\/www.schladmingurlaub.at\/en\/wp-json\/wp\/v2\/users\/6"}],"replies":[{"embeddable":true,"href":"https:\/\/www.schladmingurlaub.at\/en\/wp-json\/wp\/v2\/comments?post=5539"}],"version-history":[{"count":29,"href":"https:\/\/www.schladmingurlaub.at\/en\/wp-json\/wp\/v2\/pages\/5539\/revisions"}],"predecessor-version":[{"id":9787,"href":"https:\/\/www.schladmingurlaub.at\/en\/wp-json\/wp\/v2\/pages\/5539\/revisions\/9787"}],"up":[{"embeddable":true,"href":"https:\/\/www.schladmingurlaub.at\/en\/wp-json\/wp\/v2\/pages\/21"}],"wp:attachment":[{"href":"https:\/\/www.schladmingurlaub.at\/en\/wp-json\/wp\/v2\/media?parent=5539"}],"curies":[{"name":"wp","href":"https:\/\/api.w.org\/{rel}","templated":true}]}}