{"id":5535,"date":"2019-12-10T11:56:36","date_gmt":"2019-12-10T10:56:36","guid":{"rendered":"https:\/\/devurlaub.devpoint.at\/?page_id=5535"},"modified":"2023-11-09T14:54:50","modified_gmt":"2023-11-09T13:54:50","slug":"events","status":"publish","type":"page","link":"https:\/\/www.schladmingurlaub.at\/en\/aktivitaeten\/events\/","title":{"rendered":"Events"},"content":{"rendered":"<h2>There is always something going on in the Schladming-Dachstein region<\/h2>\n<p><strong>The region is famous for its major events, such as the Ski World Championships, Special Olympics, the annual Night Race in Schladming or the Nordic competitions in Ramsau.<\/strong><\/p>\n<p>However, the region has made a name for itself far beyond its borders with a wide variety of events \u2013 and this goes beyond the sporting context. Concerts such as the spectacular ski openings, summer concerts at the foot of the Planai, the international brass music festival Mideurope, and classic vintage car events such as the Ennstal Classic or Planai Classic delight visitors every year.<\/p>\n<p>The best thing about the events calendar is that it is diverse, varied and presents festivals and events on both a small and large scale.<\/p>","protected":false},"excerpt":{"rendered":"<p>In der Region Schladming-Dachstein ist immer etwas los Ber\u00fchmt ist die Region f\u00fcr ihre Gro\u00df-Events, wie etwa die Ski-Weltmeisterschaften, Special Olympics, das j\u00e4hrliche Nightrace in Schladming oder die nordischen Bewerbe in der Ramsau. Die Region hat sich jedoch weit \u00fcber ihre Grenzen einen Namen mit vielf\u00e4ltigsten Veranstaltungen gemacht \u2013 und das \u00fcber den sportlichen Rahmen [&hellip;]<\/p>\n","protected":false},"author":6,"featured_media":0,"parent":5179,"menu_order":0,"comment_status":"closed","ping_status":"closed","template":"page-templates\/aktiv.php","meta":{"_acf_changed":false,"footnotes":""},"class_list":["post-5535","page","type-page","status-publish","hentry"],"acf":[],"_links":{"self":[{"href":"https:\/\/www.schladmingurlaub.at\/en\/wp-json\/wp\/v2\/pages\/5535","targetHints":{"allow":["GET"]}}],"collection":[{"href":"https:\/\/www.schladmingurlaub.at\/en\/wp-json\/wp\/v2\/pages"}],"about":[{"href":"https:\/\/www.schladmingurlaub.at\/en\/wp-json\/wp\/v2\/types\/page"}],"author":[{"embeddable":true,"href":"https:\/\/www.schladmingurlaub.at\/en\/wp-json\/wp\/v2\/users\/6"}],"replies":[{"embeddable":true,"href":"https:\/\/www.schladmingurlaub.at\/en\/wp-json\/wp\/v2\/comments?post=5535"}],"version-history":[{"count":14,"href":"https:\/\/www.schladmingurlaub.at\/en\/wp-json\/wp\/v2\/pages\/5535\/revisions"}],"predecessor-version":[{"id":9166,"href":"https:\/\/www.schladmingurlaub.at\/en\/wp-json\/wp\/v2\/pages\/5535\/revisions\/9166"}],"up":[{"embeddable":true,"href":"https:\/\/www.schladmingurlaub.at\/en\/wp-json\/wp\/v2\/pages\/5179"}],"wp:attachment":[{"href":"https:\/\/www.schladmingurlaub.at\/en\/wp-json\/wp\/v2\/media?parent=5535"}],"curies":[{"name":"wp","href":"https:\/\/api.w.org\/{rel}","templated":true}]}}