{"id":5366,"date":"2019-11-20T13:41:39","date_gmt":"2019-11-20T12:41:39","guid":{"rendered":"https:\/\/devurlaub.devpoint.at\/?page_id=5366"},"modified":"2020-02-25T15:07:46","modified_gmt":"2020-02-25T14:07:46","slug":"ausflugsziele","status":"publish","type":"page","link":"https:\/\/www.schladmingurlaub.at\/en\/aktivitaeten\/ausflugsziele\/","title":{"rendered":"Excursion destinations"},"content":{"rendered":"<h2>Visit unique sights<\/h2>\n<p>The <strong>Schladming-Dachstein region<\/strong> is ideally located to <strong>special and well-known sights<\/strong> Our suggestions are ideal for relaxing day trips and each one offers unforgettable experiences.<\/p>","protected":false},"excerpt":{"rendered":"<p>Einzigartige Sehensw\u00fcrdigkeiten besuchen Die Region Schladming-Dachstein liegt sehr ideal, um ganz besondere und bekannte Sehensw\u00fcrdigkeiten zu besuchen. Unsere Vorschl\u00e4ge eignen sich f\u00fcr entspannte Tagesausfl\u00fcge und bieten jeder f\u00fcr sich unvergessliche Impressionen.<\/p>","protected":false},"author":6,"featured_media":0,"parent":5179,"menu_order":0,"comment_status":"closed","ping_status":"closed","template":"page-templates\/aktiv.php","meta":{"_acf_changed":false,"footnotes":""},"class_list":["post-5366","page","type-page","status-publish","hentry"],"acf":[],"_links":{"self":[{"href":"https:\/\/www.schladmingurlaub.at\/en\/wp-json\/wp\/v2\/pages\/5366","targetHints":{"allow":["GET"]}}],"collection":[{"href":"https:\/\/www.schladmingurlaub.at\/en\/wp-json\/wp\/v2\/pages"}],"about":[{"href":"https:\/\/www.schladmingurlaub.at\/en\/wp-json\/wp\/v2\/types\/page"}],"author":[{"embeddable":true,"href":"https:\/\/www.schladmingurlaub.at\/en\/wp-json\/wp\/v2\/users\/6"}],"replies":[{"embeddable":true,"href":"https:\/\/www.schladmingurlaub.at\/en\/wp-json\/wp\/v2\/comments?post=5366"}],"version-history":[{"count":7,"href":"https:\/\/www.schladmingurlaub.at\/en\/wp-json\/wp\/v2\/pages\/5366\/revisions"}],"predecessor-version":[{"id":6028,"href":"https:\/\/www.schladmingurlaub.at\/en\/wp-json\/wp\/v2\/pages\/5366\/revisions\/6028"}],"up":[{"embeddable":true,"href":"https:\/\/www.schladmingurlaub.at\/en\/wp-json\/wp\/v2\/pages\/5179"}],"wp:attachment":[{"href":"https:\/\/www.schladmingurlaub.at\/en\/wp-json\/wp\/v2\/media?parent=5366"}],"curies":[{"name":"wp","href":"https:\/\/api.w.org\/{rel}","templated":true}]}}