{"id":53,"date":"2015-07-30T14:58:52","date_gmt":"2015-07-30T12:58:52","guid":{"rendered":"http:\/\/www.schladmingurlaub.at\/?page_id=53"},"modified":"2019-12-09T23:08:07","modified_gmt":"2019-12-09T22:08:07","slug":"unterkuenfte-fuer-gruppen","status":"publish","type":"page","link":"https:\/\/www.schladmingurlaub.at\/en\/unterkuenfte-fuer-gruppen\/","title":{"rendered":"Accommodation for groups"},"content":{"rendered":"<h2>Holiday with family, friends or colleagues<\/h2>\n<p>Traveling with family, friends, or colleagues can be a particularly enjoyable experience. To ensure you enjoy the highest level of personal comfort and ample privacy, even with a large group, we offer apartments and holiday homes in various categories, accommodating up to 31 people.<\/p>\n<p>We&#039;d be happy to provide you with a quote for your group. Of course, you can also book the apartments in the various buildings individually.<\/p>","protected":false},"excerpt":{"rendered":"<p>Urlaub mit Familie, Freunden oder Kollegen Eine Reise mit Familie, Freunden oder Kollegen kann ganz besonders viel Spa\u00df bereiten. Um auch im gro\u00dfen Kreis h\u00f6chsten pers\u00f6nlichen Komfort und ausreichend R\u00fcckzugsm\u00f6glichkeiten zu genie\u00dfen, bieten wir Ihnen Appartements und Ferienh\u00e4user in unterschiedlichen Ausstattungskategorien mit einem Raumangebot f\u00fcr bis zu 31 Personen. Gerne erstellen wir Ihnen ein Angebot [&hellip;]<\/p>\n","protected":false},"author":1,"featured_media":0,"parent":0,"menu_order":0,"comment_status":"open","ping_status":"closed","template":"page-templates\/archive-apartment.php","meta":{"_acf_changed":false,"footnotes":""},"class_list":["post-53","page","type-page","status-publish","hentry"],"acf":[],"_links":{"self":[{"href":"https:\/\/www.schladmingurlaub.at\/en\/wp-json\/wp\/v2\/pages\/53","targetHints":{"allow":["GET"]}}],"collection":[{"href":"https:\/\/www.schladmingurlaub.at\/en\/wp-json\/wp\/v2\/pages"}],"about":[{"href":"https:\/\/www.schladmingurlaub.at\/en\/wp-json\/wp\/v2\/types\/page"}],"author":[{"embeddable":true,"href":"https:\/\/www.schladmingurlaub.at\/en\/wp-json\/wp\/v2\/users\/1"}],"replies":[{"embeddable":true,"href":"https:\/\/www.schladmingurlaub.at\/en\/wp-json\/wp\/v2\/comments?post=53"}],"version-history":[{"count":17,"href":"https:\/\/www.schladmingurlaub.at\/en\/wp-json\/wp\/v2\/pages\/53\/revisions"}],"predecessor-version":[{"id":5496,"href":"https:\/\/www.schladmingurlaub.at\/en\/wp-json\/wp\/v2\/pages\/53\/revisions\/5496"}],"wp:attachment":[{"href":"https:\/\/www.schladmingurlaub.at\/en\/wp-json\/wp\/v2\/media?parent=53"}],"curies":[{"name":"wp","href":"https:\/\/api.w.org\/{rel}","templated":true}]}}