{"id":5265,"date":"2019-11-07T14:03:30","date_gmt":"2019-11-07T13:03:30","guid":{"rendered":"https:\/\/devurlaub.devpoint.at\/?page_id=5265"},"modified":"2026-03-17T14:22:15","modified_gmt":"2026-03-17T13:22:15","slug":"inklusive-sommercard","status":"publish","type":"page","link":"https:\/\/www.schladmingurlaub.at\/en\/inklusive-sommercard\/","title":{"rendered":"Schladming-Dachstein Card included"},"content":{"rendered":"<h2>Over 100 top holiday experiences absolutely free<\/h2>\n<p>The Schladming-Dachstein Card is your ticket to over 100 free services and even more attractive discounts. Enjoy free travel on hiking buses, toll roads, gondolas and cable cars, free admission to swimming pools, museums, children&#039;s programs and much, much more \u2013 all completely free of charge.<\/p>","protected":false},"excerpt":{"rendered":"<p>\u00dcber 100 Top-Urlaubserlebnisse absolut gratis Die Schladming-Dachstein Card ist Ihre Eintrittskarte in \u00fcber 100 Gratis-Leistungen und noch mehr attraktive Erm\u00e4\u00dfigungen. Sie genie\u00dfen freie Fahrt in Wanderbussen, auf Mautstra\u00dfen, Gondel- &amp; Seilbahnen, gratis Eintritte in Schwimmb\u00e4der, Museen, Kinderprogramme und vielem, vielem mehr \u2013 und das v\u00f6llig kostenlos f\u00fcr Sie.<\/p>","protected":false},"author":6,"featured_media":0,"parent":0,"menu_order":0,"comment_status":"closed","ping_status":"closed","template":"page-templates\/archive-apartment.php","meta":{"_acf_changed":false,"footnotes":""},"class_list":["post-5265","page","type-page","status-publish","hentry"],"acf":[],"_links":{"self":[{"href":"https:\/\/www.schladmingurlaub.at\/en\/wp-json\/wp\/v2\/pages\/5265","targetHints":{"allow":["GET"]}}],"collection":[{"href":"https:\/\/www.schladmingurlaub.at\/en\/wp-json\/wp\/v2\/pages"}],"about":[{"href":"https:\/\/www.schladmingurlaub.at\/en\/wp-json\/wp\/v2\/types\/page"}],"author":[{"embeddable":true,"href":"https:\/\/www.schladmingurlaub.at\/en\/wp-json\/wp\/v2\/users\/6"}],"replies":[{"embeddable":true,"href":"https:\/\/www.schladmingurlaub.at\/en\/wp-json\/wp\/v2\/comments?post=5265"}],"version-history":[{"count":8,"href":"https:\/\/www.schladmingurlaub.at\/en\/wp-json\/wp\/v2\/pages\/5265\/revisions"}],"predecessor-version":[{"id":10246,"href":"https:\/\/www.schladmingurlaub.at\/en\/wp-json\/wp\/v2\/pages\/5265\/revisions\/10246"}],"wp:attachment":[{"href":"https:\/\/www.schladmingurlaub.at\/en\/wp-json\/wp\/v2\/media?parent=5265"}],"curies":[{"name":"wp","href":"https:\/\/api.w.org\/{rel}","templated":true}]}}