{"id":5261,"date":"2019-11-07T14:01:16","date_gmt":"2019-11-07T13:01:16","guid":{"rendered":"https:\/\/devurlaub.devpoint.at\/?page_id=5261"},"modified":"2020-02-26T23:30:34","modified_gmt":"2020-02-26T22:30:34","slug":"direkt-im-zentrum","status":"publish","type":"page","link":"https:\/\/www.schladmingurlaub.at\/en\/direkt-im-zentrum\/","title":{"rendered":"Right in the center"},"content":{"rendered":"<h2>Very close to the action<\/h2>\n<p>Short distances make it easy to enjoy the essentials of your vacation. We offer a wide selection of vacation apartments in prime locations! This allows you to easily reach the highlights of the Schladming-Dachstein region on foot or with very short directions. This will turn your vacation into a truly personal, quality time.<\/p>","protected":false},"excerpt":{"rendered":"<p>Ganz nahe am Geschehen Kurze Wege machen es leicht, um das Wesentliche im Urlaub auszukosten. Wir bieten Ihnen eine gro\u00dfe Auswahl an Ferienwohnungen in Bestlage! So erreichen Sie die Highlights der Region Schladming-Dachstein bequem zu Fu\u00df bzw. mit sehr kurzen Anfahrtszeichen. So wird Ihr Urlaub zur pers\u00f6nlichen Qualit\u00e4tszeit.<\/p>","protected":false},"author":6,"featured_media":0,"parent":0,"menu_order":0,"comment_status":"closed","ping_status":"closed","template":"page-templates\/archive-apartment.php","meta":{"_acf_changed":false,"footnotes":""},"class_list":["post-5261","page","type-page","status-publish","hentry"],"acf":[],"_links":{"self":[{"href":"https:\/\/www.schladmingurlaub.at\/en\/wp-json\/wp\/v2\/pages\/5261","targetHints":{"allow":["GET"]}}],"collection":[{"href":"https:\/\/www.schladmingurlaub.at\/en\/wp-json\/wp\/v2\/pages"}],"about":[{"href":"https:\/\/www.schladmingurlaub.at\/en\/wp-json\/wp\/v2\/types\/page"}],"author":[{"embeddable":true,"href":"https:\/\/www.schladmingurlaub.at\/en\/wp-json\/wp\/v2\/users\/6"}],"replies":[{"embeddable":true,"href":"https:\/\/www.schladmingurlaub.at\/en\/wp-json\/wp\/v2\/comments?post=5261"}],"version-history":[{"count":9,"href":"https:\/\/www.schladmingurlaub.at\/en\/wp-json\/wp\/v2\/pages\/5261\/revisions"}],"predecessor-version":[{"id":6037,"href":"https:\/\/www.schladmingurlaub.at\/en\/wp-json\/wp\/v2\/pages\/5261\/revisions\/6037"}],"wp:attachment":[{"href":"https:\/\/www.schladmingurlaub.at\/en\/wp-json\/wp\/v2\/media?parent=5261"}],"curies":[{"name":"wp","href":"https:\/\/api.w.org\/{rel}","templated":true}]}}