{"id":5259,"date":"2019-11-07T14:00:17","date_gmt":"2019-11-07T13:00:17","guid":{"rendered":"https:\/\/devurlaub.devpoint.at\/?page_id=5259"},"modified":"2024-04-02T09:52:28","modified_gmt":"2024-04-02T07:52:28","slug":"urlaub-mit-hund","status":"publish","type":"page","link":"https:\/\/www.schladmingurlaub.at\/en\/urlaub-mit-hund\/","title":{"rendered":"Holiday with dog"},"content":{"rendered":"<h2>A perfect holiday with pet<\/h2>\n<p>For dog owners, a holiday is only truly enjoyable when their four-legged companion is also along for the ride. The Schladming-Dachstein region, with its countless natural experiences, offers the perfect environment for a holiday with your dog. Your dog is also welcome in our select apartments.<\/p>\n<p>We charge \u20ac15 per pet per day for this.<br \/>\nPlease bring your own dog food, blanket and bowl!<\/p>\n<p>Dogs are not allowed in the beds!<\/p>","protected":false},"excerpt":{"rendered":"<p>Ein vollkommener Urlaub mit Haustier Ein Rundum-Urlaubsvergn\u00fcgen ist es f\u00fcr Hundebesitzer erst dann, wenn auch der vierbeinige Gef\u00e4hrte mit dabei ist. Gerade die Region Schladming-Dachstein er\u00f6ffnet mit ihren unz\u00e4hligen Erlebnissen inmitten der Natur ein perfektes Umfeld f\u00fcr Urlaub mit Hund. In unseren ausgew\u00e4hlten Appartements ist auch Ihr Hund herzlich willkommen. Wir erlauben uns hierf\u00fcr \u20ac [&hellip;]<\/p>\n","protected":false},"author":6,"featured_media":6031,"parent":0,"menu_order":0,"comment_status":"closed","ping_status":"closed","template":"page-templates\/archive-apartment.php","meta":{"_acf_changed":false,"footnotes":""},"class_list":["post-5259","page","type-page","status-publish","has-post-thumbnail","hentry"],"acf":[],"_links":{"self":[{"href":"https:\/\/www.schladmingurlaub.at\/en\/wp-json\/wp\/v2\/pages\/5259","targetHints":{"allow":["GET"]}}],"collection":[{"href":"https:\/\/www.schladmingurlaub.at\/en\/wp-json\/wp\/v2\/pages"}],"about":[{"href":"https:\/\/www.schladmingurlaub.at\/en\/wp-json\/wp\/v2\/types\/page"}],"author":[{"embeddable":true,"href":"https:\/\/www.schladmingurlaub.at\/en\/wp-json\/wp\/v2\/users\/6"}],"replies":[{"embeddable":true,"href":"https:\/\/www.schladmingurlaub.at\/en\/wp-json\/wp\/v2\/comments?post=5259"}],"version-history":[{"count":18,"href":"https:\/\/www.schladmingurlaub.at\/en\/wp-json\/wp\/v2\/pages\/5259\/revisions"}],"predecessor-version":[{"id":9600,"href":"https:\/\/www.schladmingurlaub.at\/en\/wp-json\/wp\/v2\/pages\/5259\/revisions\/9600"}],"wp:featuredmedia":[{"embeddable":true,"href":"https:\/\/www.schladmingurlaub.at\/en\/wp-json\/wp\/v2\/media\/6031"}],"wp:attachment":[{"href":"https:\/\/www.schladmingurlaub.at\/en\/wp-json\/wp\/v2\/media?parent=5259"}],"curies":[{"name":"wp","href":"https:\/\/api.w.org\/{rel}","templated":true}]}}