{"id":5188,"date":"2019-11-06T15:24:53","date_gmt":"2019-11-06T14:24:53","guid":{"rendered":"https:\/\/devurlaub.devpoint.at\/?page_id=5188"},"modified":"2023-02-16T21:24:27","modified_gmt":"2023-02-16T20:24:27","slug":"appartements-mit-aussicht","status":"publish","type":"page","link":"https:\/\/www.schladmingurlaub.at\/en\/appartements-mit-aussicht\/","title":{"rendered":"Apartments with a view"},"content":{"rendered":"<h2>Nature experience and summit views included<\/h2>\n<p>A view of the Alpine mountains is pure bliss. Your thoughts are free to wander, everything becomes tranquil, and nature invites you to experience it with all your senses. Choose from a range of apartments, holiday homes, and chalets in dream locations with first-class views of the scenic highlights of the Schladming-Dachstein region.<\/p>","protected":false},"excerpt":{"rendered":"<p>Naturerlebnis und Gipfelblicke inklusive Ein Blick in die alpine Bergwelt ist Gl\u00fcck pur. Die Gedanken d\u00fcrfen ihren freien Lauf nehmen, alles wird ruhig und die Natur l\u00e4dt ein, sie mit allen Sinnen zu erleben. W\u00e4hlen Sie aus einer Reihe an Appartements, Ferienh\u00e4usern und Chalets in Traumlage mit erstklassigen Ausblicken auf landschaftliche H\u00f6hepunkte der Region Schladming-Dachstein.<\/p>","protected":false},"author":6,"featured_media":0,"parent":0,"menu_order":0,"comment_status":"closed","ping_status":"closed","template":"page-templates\/archive-apartment.php","meta":{"_acf_changed":false,"footnotes":""},"class_list":["post-5188","page","type-page","status-publish","hentry"],"acf":[],"_links":{"self":[{"href":"https:\/\/www.schladmingurlaub.at\/en\/wp-json\/wp\/v2\/pages\/5188","targetHints":{"allow":["GET"]}}],"collection":[{"href":"https:\/\/www.schladmingurlaub.at\/en\/wp-json\/wp\/v2\/pages"}],"about":[{"href":"https:\/\/www.schladmingurlaub.at\/en\/wp-json\/wp\/v2\/types\/page"}],"author":[{"embeddable":true,"href":"https:\/\/www.schladmingurlaub.at\/en\/wp-json\/wp\/v2\/users\/6"}],"replies":[{"embeddable":true,"href":"https:\/\/www.schladmingurlaub.at\/en\/wp-json\/wp\/v2\/comments?post=5188"}],"version-history":[{"count":11,"href":"https:\/\/www.schladmingurlaub.at\/en\/wp-json\/wp\/v2\/pages\/5188\/revisions"}],"predecessor-version":[{"id":8834,"href":"https:\/\/www.schladmingurlaub.at\/en\/wp-json\/wp\/v2\/pages\/5188\/revisions\/8834"}],"wp:attachment":[{"href":"https:\/\/www.schladmingurlaub.at\/en\/wp-json\/wp\/v2\/media?parent=5188"}],"curies":[{"name":"wp","href":"https:\/\/api.w.org\/{rel}","templated":true}]}}