{"id":5168,"date":"2019-11-06T15:08:53","date_gmt":"2019-11-06T14:08:53","guid":{"rendered":"https:\/\/devurlaub.devpoint.at\/?page_id=5168"},"modified":"2020-06-02T10:38:58","modified_gmt":"2020-06-02T08:38:58","slug":"haus-im-ennstal","status":"publish","type":"page","link":"https:\/\/www.schladmingurlaub.at\/en\/region\/haus-im-ennstal\/","title":{"rendered":"Haus im Ennstal"},"content":{"rendered":"<h2>The most beautiful flower village in Europe<\/h2>\n<p>The charming market town at the foot of the Hauser Kaibling has a very attractive town center with historical highlights and numerous places to linger and admire the wonderful floral decorations.<\/p>\n<p>He has also given Haus im Ennstal the official title of \u201c<strong>most beautiful flower village in Europe<\/strong>The Hauser Kaibling is part of the 4-mountain ski area and has winter guests raving about its beautiful slopes. Even in summer, the &quot;Kaibling&quot; is an attractive hiking and adventure mountain for the whole family. With a golf course, adventure pool, Kneipp facility, pit-pat facility, museums, and numerous cycling and hiking trails, Haus im Ennstal offers a wide range of recreational opportunities.<\/p>\n<p>here you can find the Hauser Kaibling here you can find the ultimate adventure<br \/>\n<a href=\"https:\/\/hauser-kaibling.at\" target=\"_blank\" rel=\"noopener noreferrer\"><img loading=\"lazy\" decoding=\"async\" class=\"alignnone wp-image-6190\" src=\"https:\/\/www.schladmingurlaub.at\/wp-content\/uploads\/2020\/05\/Hauser-Kaibling-440x330.jpg\" alt=\"\" width=\"287\" height=\"215\" srcset=\"https:\/\/www.schladmingurlaub.at\/wp-content\/uploads\/2020\/05\/Hauser-Kaibling-440x330.jpg 440w, https:\/\/www.schladmingurlaub.at\/wp-content\/uploads\/2020\/05\/Hauser-Kaibling-768x576.jpg 768w, https:\/\/www.schladmingurlaub.at\/wp-content\/uploads\/2020\/05\/Hauser-Kaibling.jpg 1024w\" sizes=\"auto, (max-width: 287px) 100vw, 287px\" \/>\u00a0 \u00a0 \u00a0 \u00a0 \u00a0 \u00a0 \u00a0 \u00a0 \u00a0 \u00a0 <\/a><a href=\"http:\/\/myadventure.at\" target=\"_blank\" rel=\"noopener noreferrer\"><img loading=\"lazy\" decoding=\"async\" class=\"\" src=\"https:\/\/www.schladmingurlaub.at\/wp-content\/uploads\/2020\/06\/P8100007-440x330.jpg\" width=\"287\" height=\"215\" \/><\/a><\/p>","protected":false},"excerpt":{"rendered":"<p>Das sch\u00f6nste Blumendorf Europas Die entz\u00fcckende Marktgemeinde am Fu\u00dfe des Hauser Kaiblings besitzt einen sehr attraktiven Ortskern mit historischen Highlights und zahlreichen Pl\u00e4tzen zum Verweilen und Betrachten des wunderbaren Blumenschmucks. Er hat Haus im Ennstal auch den offiziellen Titel des \u201esch\u00f6nsten Blumendorfs Europas\u201c eingebracht. Der Hauser Kaibling geh\u00f6rt zur 4-Berge-Skischaukel und l\u00e4sst seine Winterg\u00e4ste von [&hellip;]<\/p>\n","protected":false},"author":6,"featured_media":0,"parent":5156,"menu_order":0,"comment_status":"closed","ping_status":"closed","template":"page-templates\/single-region.php","meta":{"_acf_changed":false,"footnotes":""},"class_list":["post-5168","page","type-page","status-publish","hentry"],"acf":[],"_links":{"self":[{"href":"https:\/\/www.schladmingurlaub.at\/en\/wp-json\/wp\/v2\/pages\/5168","targetHints":{"allow":["GET"]}}],"collection":[{"href":"https:\/\/www.schladmingurlaub.at\/en\/wp-json\/wp\/v2\/pages"}],"about":[{"href":"https:\/\/www.schladmingurlaub.at\/en\/wp-json\/wp\/v2\/types\/page"}],"author":[{"embeddable":true,"href":"https:\/\/www.schladmingurlaub.at\/en\/wp-json\/wp\/v2\/users\/6"}],"replies":[{"embeddable":true,"href":"https:\/\/www.schladmingurlaub.at\/en\/wp-json\/wp\/v2\/comments?post=5168"}],"version-history":[{"count":18,"href":"https:\/\/www.schladmingurlaub.at\/en\/wp-json\/wp\/v2\/pages\/5168\/revisions"}],"predecessor-version":[{"id":6208,"href":"https:\/\/www.schladmingurlaub.at\/en\/wp-json\/wp\/v2\/pages\/5168\/revisions\/6208"}],"up":[{"embeddable":true,"href":"https:\/\/www.schladmingurlaub.at\/en\/wp-json\/wp\/v2\/pages\/5156"}],"wp:attachment":[{"href":"https:\/\/www.schladmingurlaub.at\/en\/wp-json\/wp\/v2\/media?parent=5168"}],"curies":[{"name":"wp","href":"https:\/\/api.w.org\/{rel}","templated":true}]}}