{"id":5165,"date":"2019-11-06T15:07:54","date_gmt":"2019-11-06T14:07:54","guid":{"rendered":"https:\/\/devurlaub.devpoint.at\/?page_id=5165"},"modified":"2020-06-02T10:51:56","modified_gmt":"2020-06-02T08:51:56","slug":"reiteralm","status":"publish","type":"page","link":"https:\/\/www.schladmingurlaub.at\/en\/region\/reiteralm\/","title":{"rendered":"Reiteralm"},"content":{"rendered":"<h2>Worth a visit all year round<\/h2>\n<p>The Reiteralm in Schladming-Pichl is well-known to many winter sports enthusiasts for its fantastic slopes, reliable snow conditions, and first-class mountain hut culture. The Reiteralm has been awarded the Slope Quality Seal many times. But this stunning mountain with its stunning views also has a lot to offer in summer. Beautiful hikes for all ages reward visitors with unforgettable views. The Spiegelsee lake is a special gem \u2013 on windless days, the Dachstein massif can be seen across it.<\/p>\n<p>Reiteralm has a great playground for the little ones, and there are also new bike trails for active children and junior trails where kids can show the grown-ups what they can do on mountain bikes. Equipment can be rented on site.<\/p>\n<p>Click here for Reiteralm Click here for the ultimate adventure<br \/>\n<a href=\"http:\/\/reiteralm.at\"><img loading=\"lazy\" decoding=\"async\" class=\"alignnone size-medium wp-image-6186\" src=\"https:\/\/www.schladmingurlaub.at\/wp-content\/uploads\/2020\/05\/reiteralm-grunwald07-440x131.jpeg\" alt=\"\" width=\"440\" height=\"131\" srcset=\"https:\/\/www.schladmingurlaub.at\/wp-content\/uploads\/2020\/05\/reiteralm-grunwald07-440x131.jpeg 440w, https:\/\/www.schladmingurlaub.at\/wp-content\/uploads\/2020\/05\/reiteralm-grunwald07-768x229.jpeg 768w, https:\/\/www.schladmingurlaub.at\/wp-content\/uploads\/2020\/05\/reiteralm-grunwald07.jpeg 1680w\" sizes=\"auto, (max-width: 440px) 100vw, 440px\" \/><\/a>\u00a0 \u00a0 \u00a0 \u00a0 \u00a0 \u00a0 \u00a0 \u00a0 \u00a0 \u00a0 \u00a0 \u00a0 \u00a0 \u00a0<a href=\"http:\/\/myadventure.at\"><img loading=\"lazy\" decoding=\"async\" class=\"alignnone wp-image-6211\" src=\"https:\/\/www.schladmingurlaub.at\/wp-content\/uploads\/2020\/06\/DSCN0967-440x330.jpg\" alt=\"\" width=\"237\" height=\"178\" srcset=\"https:\/\/www.schladmingurlaub.at\/wp-content\/uploads\/2020\/06\/DSCN0967-440x330.jpg 440w, https:\/\/www.schladmingurlaub.at\/wp-content\/uploads\/2020\/06\/DSCN0967-768x576.jpg 768w, https:\/\/www.schladmingurlaub.at\/wp-content\/uploads\/2020\/06\/DSCN0967-1680x1260.jpg 1680w\" sizes=\"auto, (max-width: 237px) 100vw, 237px\" \/><\/a><\/p>","protected":false},"excerpt":{"rendered":"<p>Das ganze Jahr einen Ausflug wert Die Reiteralm in Schladming-Pichl ist vielen Wintersportlern wegen ihrer traumhaften Pisten, der hohen Schneesicherheit und der erstklassigen H\u00fcttenkultur ein Begriff. Vielfach wurde die Reiteralm bereits mit dem Pisteng\u00fctesiegel pr\u00e4miert. Doch auch im Sommer ist auf diesem traumhaften Aussichtsberg jede Menge geboten. Wundersch\u00f6ne Wanderungen f\u00fcr Gro\u00df und Klein belohnen mit [&hellip;]<\/p>\n","protected":false},"author":6,"featured_media":0,"parent":5156,"menu_order":0,"comment_status":"closed","ping_status":"closed","template":"page-templates\/single-region.php","meta":{"_acf_changed":false,"footnotes":""},"class_list":["post-5165","page","type-page","status-publish","hentry"],"acf":[],"_links":{"self":[{"href":"https:\/\/www.schladmingurlaub.at\/en\/wp-json\/wp\/v2\/pages\/5165","targetHints":{"allow":["GET"]}}],"collection":[{"href":"https:\/\/www.schladmingurlaub.at\/en\/wp-json\/wp\/v2\/pages"}],"about":[{"href":"https:\/\/www.schladmingurlaub.at\/en\/wp-json\/wp\/v2\/types\/page"}],"author":[{"embeddable":true,"href":"https:\/\/www.schladmingurlaub.at\/en\/wp-json\/wp\/v2\/users\/6"}],"replies":[{"embeddable":true,"href":"https:\/\/www.schladmingurlaub.at\/en\/wp-json\/wp\/v2\/comments?post=5165"}],"version-history":[{"count":15,"href":"https:\/\/www.schladmingurlaub.at\/en\/wp-json\/wp\/v2\/pages\/5165\/revisions"}],"predecessor-version":[{"id":6216,"href":"https:\/\/www.schladmingurlaub.at\/en\/wp-json\/wp\/v2\/pages\/5165\/revisions\/6216"}],"up":[{"embeddable":true,"href":"https:\/\/www.schladmingurlaub.at\/en\/wp-json\/wp\/v2\/pages\/5156"}],"wp:attachment":[{"href":"https:\/\/www.schladmingurlaub.at\/en\/wp-json\/wp\/v2\/media?parent=5165"}],"curies":[{"name":"wp","href":"https:\/\/api.w.org\/{rel}","templated":true}]}}