{"id":5162,"date":"2019-11-06T15:07:11","date_gmt":"2019-11-06T14:07:11","guid":{"rendered":"https:\/\/devurlaub.devpoint.at\/?page_id=5162"},"modified":"2020-06-02T11:15:28","modified_gmt":"2020-06-02T09:15:28","slug":"rohrmoos","status":"publish","type":"page","link":"https:\/\/www.schladmingurlaub.at\/en\/region\/rohrmoos\/","title":{"rendered":"Rohrmoos"},"content":{"rendered":"<h2>Fabulous views and quiet insights<\/h2>\n<p>Rohrmoos is situated slightly elevated above Schladming and offers a magnificent view of the Dachstein massif opposite. The Hochwurzen \u2013 Rohrmoos&#039;s &quot;local mountain&quot; \u2013 is extremely popular both in summer and winter. The view is simply phenomenal and extends far beyond the region&#039;s borders; the Hochwurzen is also a skiing and tobogganing mountain, and in summer, a hiking and adventure mountain. Extra tip: Racing down from the summit in a mountain go-kart \u2013 that&#039;s pure fun. The valleys of Untertal and Obertal, which run from north to south, are true natural paradises with impressive spots that invite you to enjoy and pause for a moment. Here, nature reveals itself in its most pristine and untouched state.<\/p>\n<p>here you go to the Hochwurzen here you go to the ultimate adventure<br \/>\n<a href=\"https:\/\/www.planai.at\/de\/sommer\/mountain-gokart\" target=\"_blank\" rel=\"noopener noreferrer\"><img loading=\"lazy\" decoding=\"async\" class=\"alignnone size-medium wp-image-6194\" src=\"https:\/\/www.schladmingurlaub.at\/wp-content\/uploads\/2020\/05\/hochwurzen-im-herbst-140-von-201--440x131.jpeg\" alt=\"\" width=\"440\" height=\"131\" srcset=\"https:\/\/www.schladmingurlaub.at\/wp-content\/uploads\/2020\/05\/hochwurzen-im-herbst-140-von-201--440x131.jpeg 440w, https:\/\/www.schladmingurlaub.at\/wp-content\/uploads\/2020\/05\/hochwurzen-im-herbst-140-von-201--768x229.jpeg 768w, https:\/\/www.schladmingurlaub.at\/wp-content\/uploads\/2020\/05\/hochwurzen-im-herbst-140-von-201-.jpeg 1680w\" sizes=\"auto, (max-width: 440px) 100vw, 440px\" \/><\/a>\u00a0\u00a0\u00a0\u00a0\u00a0\u00a0\u00a0\u00a0\u00a0\u00a0\u00a0\u00a0\u00a0\u00a0\u00a0\u00a0\u00a0\u00a0\u00a0\u00a0\u00a0\u00a0\u00a0 <a href=\"http:\/\/myadventure.at\" target=\"_blank\" rel=\"noopener noreferrer\"><img loading=\"lazy\" decoding=\"async\" class=\"alignnone  wp-image-6221\" src=\"https:\/\/www.schladmingurlaub.at\/wp-content\/uploads\/2020\/06\/DSCN8939-440x330.jpg\" alt=\"\" width=\"269\" height=\"202\" srcset=\"https:\/\/www.schladmingurlaub.at\/wp-content\/uploads\/2020\/06\/DSCN8939-440x330.jpg 440w, https:\/\/www.schladmingurlaub.at\/wp-content\/uploads\/2020\/06\/DSCN8939-768x576.jpg 768w, https:\/\/www.schladmingurlaub.at\/wp-content\/uploads\/2020\/06\/DSCN8939-1680x1260.jpg 1680w\" sizes=\"auto, (max-width: 269px) 100vw, 269px\" \/><\/a><\/p>","protected":false},"excerpt":{"rendered":"<p>Sagenhafte Ausblicke und stille Einblicke Das Rohrmoos liegt etwas erh\u00f6ht \u00fcber Schladming und er\u00f6ffnet einen prachtvollen Ausblick auf das gegen\u00fcberliegende Dachsteinmassiv. Die Hochwurzen \u2013 der Rohrmooser \u201eHausberg\u201c \u2013 ist Sommer wie Winter au\u00dferordentlich beliebt. Zum einen ist die Aussicht einfach ph\u00e4nomenal und reicht bis weit \u00fcber die Grenzen der Region, zum anderen ist die Hochwurzen [&hellip;]<\/p>\n","protected":false},"author":6,"featured_media":0,"parent":5156,"menu_order":0,"comment_status":"closed","ping_status":"closed","template":"page-templates\/single-region.php","meta":{"_acf_changed":false,"footnotes":""},"class_list":["post-5162","page","type-page","status-publish","hentry"],"acf":[],"_links":{"self":[{"href":"https:\/\/www.schladmingurlaub.at\/en\/wp-json\/wp\/v2\/pages\/5162","targetHints":{"allow":["GET"]}}],"collection":[{"href":"https:\/\/www.schladmingurlaub.at\/en\/wp-json\/wp\/v2\/pages"}],"about":[{"href":"https:\/\/www.schladmingurlaub.at\/en\/wp-json\/wp\/v2\/types\/page"}],"author":[{"embeddable":true,"href":"https:\/\/www.schladmingurlaub.at\/en\/wp-json\/wp\/v2\/users\/6"}],"replies":[{"embeddable":true,"href":"https:\/\/www.schladmingurlaub.at\/en\/wp-json\/wp\/v2\/comments?post=5162"}],"version-history":[{"count":10,"href":"https:\/\/www.schladmingurlaub.at\/en\/wp-json\/wp\/v2\/pages\/5162\/revisions"}],"predecessor-version":[{"id":6220,"href":"https:\/\/www.schladmingurlaub.at\/en\/wp-json\/wp\/v2\/pages\/5162\/revisions\/6220"}],"up":[{"embeddable":true,"href":"https:\/\/www.schladmingurlaub.at\/en\/wp-json\/wp\/v2\/pages\/5156"}],"wp:attachment":[{"href":"https:\/\/www.schladmingurlaub.at\/en\/wp-json\/wp\/v2\/media?parent=5162"}],"curies":[{"name":"wp","href":"https:\/\/api.w.org\/{rel}","templated":true}]}}