{"id":5159,"date":"2019-11-06T15:06:03","date_gmt":"2019-11-06T14:06:03","guid":{"rendered":"https:\/\/devurlaub.devpoint.at\/?page_id=5159"},"modified":"2020-10-24T10:19:08","modified_gmt":"2020-10-24T08:19:08","slug":"schladming","status":"publish","type":"page","link":"https:\/\/www.schladmingurlaub.at\/en\/region\/schladming\/","title":{"rendered":"Schladming"},"content":{"rendered":"<h2>The mountain town for world-class holidays<\/h2>\n<p>Schladming has built an excellent reputation with numerous major sporting events, but has retained the charming character of a historic mountain town.<\/p>\n<p>In the Ennstal ski metropolis, the perfect tourist offering goes hand in hand with genuine hospitality, naturalness, and authenticity. Located at the heart of the four-mountain ski area, Schladming offers three gateways to skiing fun, and even in summer, the region&#039;s activities can be easily reached within a short time.<\/p>\n<p>Click here for the new bike park on the Planai Click here for the ultimate adventure<br \/>\n<a href=\"https:\/\/www.planai.at\/de\/sommer\/mountain-bike\" target=\"_blank\" rel=\"noopener noreferrer\"><img loading=\"lazy\" decoding=\"async\" class=\"alignnone size-medium wp-image-6182\" src=\"https:\/\/www.schladmingurlaub.at\/wp-content\/uploads\/2020\/05\/bikepark_planai_12-10-2019_by_roland_haschka_alpreif_005-440x131.jpeg\" alt=\"\" width=\"440\" height=\"131\" srcset=\"https:\/\/www.schladmingurlaub.at\/wp-content\/uploads\/2020\/05\/bikepark_planai_12-10-2019_by_roland_haschka_alpreif_005-440x131.jpeg 440w, https:\/\/www.schladmingurlaub.at\/wp-content\/uploads\/2020\/05\/bikepark_planai_12-10-2019_by_roland_haschka_alpreif_005-768x229.jpeg 768w, https:\/\/www.schladmingurlaub.at\/wp-content\/uploads\/2020\/05\/bikepark_planai_12-10-2019_by_roland_haschka_alpreif_005.jpeg 1680w\" sizes=\"auto, (max-width: 440px) 100vw, 440px\" \/><\/a>\u00a0\u00a0\u00a0\u00a0\u00a0\u00a0\u00a0\u00a0\u00a0\u00a0\u00a0\u00a0\u00a0\u00a0\u00a0\u00a0\u00a0\u00a0\u00a0<a href=\"http:\/\/myadventure.at\"><img loading=\"lazy\" decoding=\"async\" class=\"wp-image-6218\" src=\"https:\/\/www.schladmingurlaub.at\/wp-content\/uploads\/2020\/06\/P9190041-440x330.jpg\" alt=\"\" width=\"260\" height=\"195\" srcset=\"https:\/\/www.schladmingurlaub.at\/wp-content\/uploads\/2020\/06\/P9190041-440x330.jpg 440w, https:\/\/www.schladmingurlaub.at\/wp-content\/uploads\/2020\/06\/P9190041-768x576.jpg 768w, https:\/\/www.schladmingurlaub.at\/wp-content\/uploads\/2020\/06\/P9190041-1680x1260.jpg 1680w\" sizes=\"auto, (max-width: 260px) 100vw, 260px\" \/><\/a><\/p>\n<p>The Schladming town center is a cultural hotspot, especially in summer, and with its attractive shopping and dining options, it is definitely worth a visit.<\/p>","protected":false},"excerpt":{"rendered":"<p>Die Bergstadt f\u00fcr weltmeisterliche Urlaube Schladming konnte sich mit zahlreichen sportlichen Gro\u00dfevents einen hervorragenden Ruf machen, hat jedoch den charmanten Charakter einer historischen Bergstadt beibehalten. In der Ennstaler Skimetropole geht das perfekte touristische Angebot wie selbstverst\u00e4ndlich Hand in Hand mit gelebter Gastlichkeit, Nat\u00fcrlichkeit und Authentizit\u00e4t. Im Zentrum der 4-Berge-Skischaukel gelegen bietet Schladming gleich drei Einstiege [&hellip;]<\/p>\n","protected":false},"author":6,"featured_media":0,"parent":5156,"menu_order":0,"comment_status":"closed","ping_status":"closed","template":"page-templates\/single-region.php","meta":{"_acf_changed":false,"footnotes":""},"class_list":["post-5159","page","type-page","status-publish","hentry"],"acf":[],"_links":{"self":[{"href":"https:\/\/www.schladmingurlaub.at\/en\/wp-json\/wp\/v2\/pages\/5159","targetHints":{"allow":["GET"]}}],"collection":[{"href":"https:\/\/www.schladmingurlaub.at\/en\/wp-json\/wp\/v2\/pages"}],"about":[{"href":"https:\/\/www.schladmingurlaub.at\/en\/wp-json\/wp\/v2\/types\/page"}],"author":[{"embeddable":true,"href":"https:\/\/www.schladmingurlaub.at\/en\/wp-json\/wp\/v2\/users\/6"}],"replies":[{"embeddable":true,"href":"https:\/\/www.schladmingurlaub.at\/en\/wp-json\/wp\/v2\/comments?post=5159"}],"version-history":[{"count":13,"href":"https:\/\/www.schladmingurlaub.at\/en\/wp-json\/wp\/v2\/pages\/5159\/revisions"}],"predecessor-version":[{"id":6712,"href":"https:\/\/www.schladmingurlaub.at\/en\/wp-json\/wp\/v2\/pages\/5159\/revisions\/6712"}],"up":[{"embeddable":true,"href":"https:\/\/www.schladmingurlaub.at\/en\/wp-json\/wp\/v2\/pages\/5156"}],"wp:attachment":[{"href":"https:\/\/www.schladmingurlaub.at\/en\/wp-json\/wp\/v2\/media?parent=5159"}],"curies":[{"name":"wp","href":"https:\/\/api.w.org\/{rel}","templated":true}]}}