{"id":5156,"date":"2019-11-06T15:04:50","date_gmt":"2019-11-06T14:04:50","guid":{"rendered":"https:\/\/devurlaub.devpoint.at\/?page_id=5156"},"modified":"2019-12-09T15:46:18","modified_gmt":"2019-12-09T14:46:18","slug":"region","status":"publish","type":"page","link":"https:\/\/www.schladmingurlaub.at\/en\/region\/","title":{"rendered":"Schladming-Dachstein region"},"content":{"rendered":"<h2>Diversity is at home here<\/h2>\n<p>The <strong>Schladming-Dachstein region<\/strong> in the Ennstal lies in the heart of Austria and is blessed with a wonderful alpine landscape.<\/p>\n<p>On both sides of the Enns River, there are a multitude of natural gems that couldn&#039;t be more different. The Dachstein massif faces the Tauern Mountains, and both boast impressive beauty. The Schladming-Dachstein region is also characterized by a rich history and tradition, which its residents embrace with pride and a look to the future, and which they are happy to share with their guests.<\/p>","protected":false},"excerpt":{"rendered":"<p>Hier ist die Vielfalt zuhause Die Region Schladming-Dachstein im Ennstal liegt im Herzen von \u00d6sterreich und ist beschenkt mit einer wunderbaren alpinen Landschaft. Zu beiden Seiten der Enns findet sich eine Vielzahl an Naturjuwelen, die unterschiedlicher nicht sein k\u00f6nnten. So steht das Dachsteinmassiv dem Tauerngebirge gegen\u00fcber und beide wissen ihre Sch\u00f6nheit imposant in Szene zu [&hellip;]<\/p>\n","protected":false},"author":6,"featured_media":0,"parent":0,"menu_order":0,"comment_status":"closed","ping_status":"closed","template":"page-templates\/single-region.php","meta":{"_acf_changed":false,"footnotes":""},"class_list":["post-5156","page","type-page","status-publish","hentry"],"acf":[],"_links":{"self":[{"href":"https:\/\/www.schladmingurlaub.at\/en\/wp-json\/wp\/v2\/pages\/5156","targetHints":{"allow":["GET"]}}],"collection":[{"href":"https:\/\/www.schladmingurlaub.at\/en\/wp-json\/wp\/v2\/pages"}],"about":[{"href":"https:\/\/www.schladmingurlaub.at\/en\/wp-json\/wp\/v2\/types\/page"}],"author":[{"embeddable":true,"href":"https:\/\/www.schladmingurlaub.at\/en\/wp-json\/wp\/v2\/users\/6"}],"replies":[{"embeddable":true,"href":"https:\/\/www.schladmingurlaub.at\/en\/wp-json\/wp\/v2\/comments?post=5156"}],"version-history":[{"count":29,"href":"https:\/\/www.schladmingurlaub.at\/en\/wp-json\/wp\/v2\/pages\/5156\/revisions"}],"predecessor-version":[{"id":5442,"href":"https:\/\/www.schladmingurlaub.at\/en\/wp-json\/wp\/v2\/pages\/5156\/revisions\/5442"}],"wp:attachment":[{"href":"https:\/\/www.schladmingurlaub.at\/en\/wp-json\/wp\/v2\/media?parent=5156"}],"curies":[{"name":"wp","href":"https:\/\/api.w.org\/{rel}","templated":true}]}}