{"id":5136,"date":"2019-11-05T11:55:50","date_gmt":"2019-11-05T10:55:50","guid":{"rendered":"https:\/\/devurlaub.devpoint.at\/?page_id=5136"},"modified":"2025-04-02T10:13:14","modified_gmt":"2025-04-02T08:13:14","slug":"merkliste","status":"publish","type":"page","link":"https:\/\/www.schladmingurlaub.at\/en\/service\/merkliste\/","title":{"rendered":"Booking information"},"content":{"rendered":"<h2>Booking information!<\/h2>\n<p>A deposit of 50% is due for bookings made within 3 working days.<br \/>\nWe ask that you transfer the remaining 50% to our account 2 weeks before your arrival.<\/p>\n<p>Upon arrival we require a security deposit of\u00a0<strong>\u20ac 300,- to \u20ac 500,-<\/strong>\u00a0which we on a\u00a0<strong>Credit or debit card<\/strong>\u00a0will authorize.<\/p>\n<p><strong>Mandatory costs:<br \/>\n<\/strong>Overnight tax: in Schladming \u20ac 2.50 per person and night from 15 years<br \/>\n(in Ramsau am Dachstein \u20ac 3.50 per person per night from 15 years)<\/p>\n<p><strong>Laundry package:<\/strong><br \/>\nThe linen package includes duvet and pillowcase, 2 towels (1 small &amp; 1 large) per person<br \/>\n\u20ac18 per person (towel change \u20ac5 each)<br \/>\nThe laundry package also includes the initial supply of dishwasher tablets, toilet paper and garbage bags<br \/>\nand 1 tea towel.<\/p>\n<p>The price for laundry packages is per rental.<br \/>\nYou are welcome to bring your own bed linen. Please let us know at least one week before arrival.<\/p>\n<p><strong>Pets:<\/strong><br \/>\nFor apartments that allow pets, we charge \u20ac15 per day per pet.<br \/>\n(without food etc.)<\/p>\n<p>Provisions of Austrian civil law apply (\u00a7 1168 ABGB).<\/p>\n<p>Please make sure you take out travel cancellation insurance<br \/>\n<strong><a href=\"https:\/\/start.europaeische.at\/index.php?key=hsp&amp;AGN=10019061\">https:\/\/start.europaeische.at\/index.php?key=hsp&amp;AGN=10019061<\/a><\/strong><\/p>","protected":false},"excerpt":{"rendered":"<p>Infos zur Buchung! eine Anzahlung von 50% wird bei einer Buchung innerhalt von 3 Werktagen f\u00e4llig. Die restlichen 50% bitten wir 2 Wochen vor Anreise auf unser Konto zur \u00dcberweisung zu bringen. Bei Anreise verlangen wir eine Sicherheit-Kaution in H\u00f6he von\u00a0\u20ac 300,- bis \u20ac 500,-\u00a0die wir auf einer\u00a0Kredit- oder Debitkarte\u00a0autorisieren werden. Obligatorische Kosten: N\u00e4chtigungsabgabe: in [&hellip;]<\/p>\n","protected":false},"author":6,"featured_media":0,"parent":21,"menu_order":0,"comment_status":"closed","ping_status":"closed","template":"page-templates\/kontakt-service.php","meta":{"_acf_changed":false,"footnotes":""},"class_list":["post-5136","page","type-page","status-publish","hentry"],"acf":[],"_links":{"self":[{"href":"https:\/\/www.schladmingurlaub.at\/en\/wp-json\/wp\/v2\/pages\/5136","targetHints":{"allow":["GET"]}}],"collection":[{"href":"https:\/\/www.schladmingurlaub.at\/en\/wp-json\/wp\/v2\/pages"}],"about":[{"href":"https:\/\/www.schladmingurlaub.at\/en\/wp-json\/wp\/v2\/types\/page"}],"author":[{"embeddable":true,"href":"https:\/\/www.schladmingurlaub.at\/en\/wp-json\/wp\/v2\/users\/6"}],"replies":[{"embeddable":true,"href":"https:\/\/www.schladmingurlaub.at\/en\/wp-json\/wp\/v2\/comments?post=5136"}],"version-history":[{"count":18,"href":"https:\/\/www.schladmingurlaub.at\/en\/wp-json\/wp\/v2\/pages\/5136\/revisions"}],"predecessor-version":[{"id":9843,"href":"https:\/\/www.schladmingurlaub.at\/en\/wp-json\/wp\/v2\/pages\/5136\/revisions\/9843"}],"up":[{"embeddable":true,"href":"https:\/\/www.schladmingurlaub.at\/en\/wp-json\/wp\/v2\/pages\/21"}],"wp:attachment":[{"href":"https:\/\/www.schladmingurlaub.at\/en\/wp-json\/wp\/v2\/media?parent=5136"}],"curies":[{"name":"wp","href":"https:\/\/api.w.org\/{rel}","templated":true}]}}