{"id":21,"date":"2015-07-30T11:04:58","date_gmt":"2015-07-30T09:04:58","guid":{"rendered":"http:\/\/www.schladmingurlaub.at\/?page_id=21"},"modified":"2025-01-20T09:02:02","modified_gmt":"2025-01-20T08:02:02","slug":"service","status":"publish","type":"page","link":"https:\/\/www.schladmingurlaub.at\/en\/service\/","title":{"rendered":"service"},"content":{"rendered":"<h2>Useful information about our service<\/h2>\n<h4><span class=\"hervorgehoben\">Webcams<\/span><\/h4>\n<p>We have for you <a href=\"https:\/\/www.schladmingurlaub.at\/en\/service\/webcams\/\">Webcams from the region<\/a> provided on our site.<\/p>\n<p>&nbsp;<\/p>\n<h4><span class=\"hervorgehoben\">Cancellation conditions<\/span><\/h4>\n<p>Here you will find information about our <a href=\"https:\/\/www.schladmingurlaub.at\/en\/service\/stornobedingungen\/\">Cancellation conditions<\/a>.<\/p>\n<p>&nbsp;<\/p>\n<h4><span class=\"hervorgehoben\">Accommodation for groups<br \/>\n<\/span><\/h4>\n<p>Do you need accommodation for more than 10 people? In the following <a href=\"https:\/\/www.schladmingurlaub.at\/en\/unterkuenfte-fuer-gruppen\/\">houses<\/a> stand <a href=\"https:\/\/www.schladmingurlaub.at\/en\/unterkuenfte-fuer-gruppen\/\">several apartments<\/a> available.<\/p>\n<p>&nbsp;<\/p>\n<h4><strong>Private chef for your special event in the apartment<\/strong><br \/>\n<a href=\"https:\/\/www.onemaanshow.at\/\" target=\"_blank\" rel=\"noopener\">www.onemaanshow.at<\/a><\/h4>\n<p>&nbsp;<\/p>\n<h4>Privacy Policy<\/h4>\n<p>All information on data protection and information obligations can be found <a href=\"https:\/\/www.schladmingurlaub.at\/en\/service\/datenschutz\/\">here<\/a>.<\/p>\n<p>&nbsp;<\/p>\n<h4><span class=\"hervorgehoben\">Imprint and Terms and Conditions<br \/>\n<\/span><\/h4>\n<p>All information about Schladming holidays and terms and conditions can be found <a href=\"https:\/\/www.schladmingurlaub.at\/en\/service\/impressum\/\">here<\/a>.<\/p>","protected":false},"excerpt":{"rendered":"<p>N\u00fctzliche Informationen rund um unser Service Webcams Wir haben f\u00fcr Sie Webcams aus der Region auf unserer Seite bereitgestellt. &nbsp; Stornobedingungen Hier erhalten Sie Informationen \u00fcber unsere Stornobedingungen. &nbsp; Unterk\u00fcnfte f\u00fcr Gruppen Sie ben\u00f6tigen eine Unterkunft f\u00fcr mehr als 10 Personen? In folgenden H\u00e4usern stehen mehrere Appartements zur Verf\u00fcgung. &nbsp; Privatkoch f\u00fcr Ihren besonderen Anlass [&hellip;]<\/p>\n","protected":false},"author":1,"featured_media":0,"parent":0,"menu_order":0,"comment_status":"open","ping_status":"open","template":"page-templates\/kontakt-service.php","meta":{"_acf_changed":false,"footnotes":""},"class_list":["post-21","page","type-page","status-publish","hentry"],"acf":[],"_links":{"self":[{"href":"https:\/\/www.schladmingurlaub.at\/en\/wp-json\/wp\/v2\/pages\/21","targetHints":{"allow":["GET"]}}],"collection":[{"href":"https:\/\/www.schladmingurlaub.at\/en\/wp-json\/wp\/v2\/pages"}],"about":[{"href":"https:\/\/www.schladmingurlaub.at\/en\/wp-json\/wp\/v2\/types\/page"}],"author":[{"embeddable":true,"href":"https:\/\/www.schladmingurlaub.at\/en\/wp-json\/wp\/v2\/users\/1"}],"replies":[{"embeddable":true,"href":"https:\/\/www.schladmingurlaub.at\/en\/wp-json\/wp\/v2\/comments?post=21"}],"version-history":[{"count":39,"href":"https:\/\/www.schladmingurlaub.at\/en\/wp-json\/wp\/v2\/pages\/21\/revisions"}],"predecessor-version":[{"id":9812,"href":"https:\/\/www.schladmingurlaub.at\/en\/wp-json\/wp\/v2\/pages\/21\/revisions\/9812"}],"wp:attachment":[{"href":"https:\/\/www.schladmingurlaub.at\/en\/wp-json\/wp\/v2\/media?parent=21"}],"curies":[{"name":"wp","href":"https:\/\/api.w.org\/{rel}","templated":true}]}}