{"id":1978,"date":"2015-11-13T11:57:08","date_gmt":"2015-11-13T10:57:08","guid":{"rendered":"http:\/\/www.schladmingurlaub.at\/?page_id=1978"},"modified":"2019-12-20T11:49:46","modified_gmt":"2019-12-20T10:49:46","slug":"winter","status":"publish","type":"page","link":"https:\/\/www.schladmingurlaub.at\/en\/aktivitaeten\/winter\/","title":{"rendered":"Winter activities"},"content":{"rendered":"<h2>Experience winter at its best in Schladming-Dachstein<\/h2>\n<p><strong>Winter sports at their finest<\/strong> is what the Schladming-Dachstein region offers. Skiing and snowboarding on the finest slopes of the local ski mountains, catering to all skill levels. But even off the slopes, nature reveals its most magnificent side in winter.<\/p>\n<p><strong>Ice crystals, glittering snow, snow-covered forests and meadows<\/strong> \u2013 wonderfully soothing and, together with the fresh mountain air, simply a complete feel-good package.<\/p>","protected":false},"excerpt":{"rendered":"<p>In Schladming-Dachstein den Winter von der sch\u00f6nsten Seite erleben Wintersport in Perfektion wird in der Region Schladming-Dachstein geboten. Skifahren und Snowboarden auf feinsten Pisten der heimischen Skiberge, die alle K\u00f6nnerstufen ansprechen. Doch auch abseits der Pisten zeigt sich die Natur im Winter von ihrer pr\u00e4chtigsten Seite. Eiskristalle, glitzernder Schnee, tiefverschneite W\u00e4lder und Wiesen \u2013 herrlich [&hellip;]<\/p>\n","protected":false},"author":3,"featured_media":0,"parent":5179,"menu_order":0,"comment_status":"closed","ping_status":"closed","template":"page-templates\/aktiv.php","meta":{"_acf_changed":false,"footnotes":""},"class_list":["post-1978","page","type-page","status-publish","hentry"],"acf":[],"_links":{"self":[{"href":"https:\/\/www.schladmingurlaub.at\/en\/wp-json\/wp\/v2\/pages\/1978","targetHints":{"allow":["GET"]}}],"collection":[{"href":"https:\/\/www.schladmingurlaub.at\/en\/wp-json\/wp\/v2\/pages"}],"about":[{"href":"https:\/\/www.schladmingurlaub.at\/en\/wp-json\/wp\/v2\/types\/page"}],"author":[{"embeddable":true,"href":"https:\/\/www.schladmingurlaub.at\/en\/wp-json\/wp\/v2\/users\/3"}],"replies":[{"embeddable":true,"href":"https:\/\/www.schladmingurlaub.at\/en\/wp-json\/wp\/v2\/comments?post=1978"}],"version-history":[{"count":8,"href":"https:\/\/www.schladmingurlaub.at\/en\/wp-json\/wp\/v2\/pages\/1978\/revisions"}],"predecessor-version":[{"id":5626,"href":"https:\/\/www.schladmingurlaub.at\/en\/wp-json\/wp\/v2\/pages\/1978\/revisions\/5626"}],"up":[{"embeddable":true,"href":"https:\/\/www.schladmingurlaub.at\/en\/wp-json\/wp\/v2\/pages\/5179"}],"wp:attachment":[{"href":"https:\/\/www.schladmingurlaub.at\/en\/wp-json\/wp\/v2\/media?parent=1978"}],"curies":[{"name":"wp","href":"https:\/\/api.w.org\/{rel}","templated":true}]}}